{"id":1603,"date":"2020-12-18T07:29:17","date_gmt":"2020-12-18T07:29:17","guid":{"rendered":"https:\/\/aglay.com\/about\/"},"modified":"2026-02-26T15:46:25","modified_gmt":"2026-02-26T15:46:25","slug":"about","status":"publish","type":"page","link":"https:\/\/aglay.com\/az\/about\/","title":{"rendered":"Haqq\u0131m\u0131zda"},"content":{"rendered":"","protected":false},"excerpt":{"rendered":"","protected":false},"author":1,"featured_media":0,"parent":0,"menu_order":0,"comment_status":"closed","ping_status":"closed","template":"templates\/template.aglay-common.php","meta":{"footnotes":""},"class_list":["post-1603","page","type-page","status-publish","hentry"],"yoast_head":"<!-- This site is optimized with the Yoast SEO plugin v27.4 - https:\/\/yoast.com\/product\/yoast-seo-wordpress\/ -->\n<title>Aglay haqq\u0131nda \u2013 T\u0259bii Da\u015f M\u00fck\u0259mm\u0259lliyind\u0259 \u0130rs<\/title>\n<meta name=\"description\" content=\"T\u0259bii aqlay da\u015f\u0131, klassik fasad \u00fc\u00e7\u00fcn z\u0259rif da\u015f i\u015fl\u0259m\u0259l\u0259ri, estetik g\u00f6r\u00fcn\u00fc\u015f v\u0259 uzun\u00f6m\u00fcrl\u00fcl\u00fck yarad\u0131r\" \/>\n<meta name=\"robots\" content=\"index, follow, max-snippet:-1, max-image-preview:large, max-video-preview:-1\" \/>\n<link rel=\"canonical\" href=\"https:\/\/aglay.com\/az\/about\/\" \/>\n<meta property=\"og:locale\" content=\"az_AZ\" \/>\n<meta property=\"og:type\" content=\"article\" \/>\n<meta property=\"og:title\" content=\"Aglay haqq\u0131nda \u2013 T\u0259bii Da\u015f M\u00fck\u0259mm\u0259lliyind\u0259 \u0130rs\" \/>\n<meta property=\"og:description\" content=\"T\u0259bii aqlay da\u015f\u0131, klassik fasad \u00fc\u00e7\u00fcn z\u0259rif da\u015f i\u015fl\u0259m\u0259l\u0259ri, estetik g\u00f6r\u00fcn\u00fc\u015f v\u0259 uzun\u00f6m\u00fcrl\u00fcl\u00fck yarad\u0131r\" \/>\n<meta property=\"og:url\" content=\"https:\/\/aglay.com\/az\/about\/\" \/>\n<meta property=\"og:site_name\" content=\"Aglay\" \/>\n<meta property=\"article:modified_time\" content=\"2026-02-26T15:46:25+00:00\" \/>\n<meta name=\"twitter:card\" content=\"summary_large_image\" \/>\n<script type=\"application\/ld+json\" class=\"yoast-schema-graph\">{\"@context\":\"https:\\\/\\\/schema.org\",\"@graph\":[{\"@type\":\"WebPage\",\"@id\":\"https:\\\/\\\/aglay.com\\\/az\\\/about\\\/\",\"url\":\"https:\\\/\\\/aglay.com\\\/az\\\/about\\\/\",\"name\":\"Aglay haqq\u0131nda \u2013 T\u0259bii Da\u015f M\u00fck\u0259mm\u0259lliyind\u0259 \u0130rs\",\"isPartOf\":{\"@id\":\"https:\\\/\\\/aglay.com\\\/#website\"},\"datePublished\":\"2020-12-18T07:29:17+00:00\",\"dateModified\":\"2026-02-26T15:46:25+00:00\",\"description\":\"T\u0259bii aqlay da\u015f\u0131, klassik fasad \u00fc\u00e7\u00fcn z\u0259rif da\u015f i\u015fl\u0259m\u0259l\u0259ri, estetik g\u00f6r\u00fcn\u00fc\u015f v\u0259 uzun\u00f6m\u00fcrl\u00fcl\u00fck yarad\u0131r\",\"breadcrumb\":{\"@id\":\"https:\\\/\\\/aglay.com\\\/az\\\/about\\\/#breadcrumb\"},\"inLanguage\":\"az-AZ\",\"potentialAction\":[{\"@type\":\"ReadAction\",\"target\":[\"https:\\\/\\\/aglay.com\\\/az\\\/about\\\/\"]}]},{\"@type\":\"BreadcrumbList\",\"@id\":\"https:\\\/\\\/aglay.com\\\/az\\\/about\\\/#breadcrumb\",\"itemListElement\":[{\"@type\":\"ListItem\",\"position\":1,\"name\":\"Home\",\"item\":\"https:\\\/\\\/aglay.com\\\/az\\\/\"},{\"@type\":\"ListItem\",\"position\":2,\"name\":\"Haqq\u0131m\u0131zda\"}]},{\"@type\":\"WebSite\",\"@id\":\"https:\\\/\\\/aglay.com\\\/#website\",\"url\":\"https:\\\/\\\/aglay.com\\\/\",\"name\":\"Aglay\",\"description\":\"\",\"publisher\":{\"@id\":\"https:\\\/\\\/aglay.com\\\/#organization\"},\"potentialAction\":[{\"@type\":\"SearchAction\",\"target\":{\"@type\":\"EntryPoint\",\"urlTemplate\":\"https:\\\/\\\/aglay.com\\\/?s={search_term_string}\"},\"query-input\":{\"@type\":\"PropertyValueSpecification\",\"valueRequired\":true,\"valueName\":\"search_term_string\"}}],\"inLanguage\":\"az-AZ\"},{\"@type\":\"Organization\",\"@id\":\"https:\\\/\\\/aglay.com\\\/#organization\",\"name\":\"Aglay\",\"url\":\"https:\\\/\\\/aglay.com\\\/\",\"logo\":{\"@type\":\"ImageObject\",\"inLanguage\":\"az-AZ\",\"@id\":\"https:\\\/\\\/aglay.com\\\/#\\\/schema\\\/logo\\\/image\\\/\",\"url\":\"https:\\\/\\\/aglay.com\\\/wp-content\\\/uploads\\\/2020\\\/12\\\/logo2x2.png\",\"contentUrl\":\"https:\\\/\\\/aglay.com\\\/wp-content\\\/uploads\\\/2020\\\/12\\\/logo2x2.png\",\"width\":434,\"height\":28,\"caption\":\"Aglay\"},\"image\":{\"@id\":\"https:\\\/\\\/aglay.com\\\/#\\\/schema\\\/logo\\\/image\\\/\"}}]}<\/script>\n<!-- \/ Yoast SEO plugin. -->","yoast_head_json":{"title":"Aglay haqq\u0131nda \u2013 T\u0259bii Da\u015f M\u00fck\u0259mm\u0259lliyind\u0259 \u0130rs","description":"T\u0259bii aqlay da\u015f\u0131, klassik fasad \u00fc\u00e7\u00fcn z\u0259rif da\u015f i\u015fl\u0259m\u0259l\u0259ri, estetik g\u00f6r\u00fcn\u00fc\u015f v\u0259 uzun\u00f6m\u00fcrl\u00fcl\u00fck yarad\u0131r","robots":{"index":"index","follow":"follow","max-snippet":"max-snippet:-1","max-image-preview":"max-image-preview:large","max-video-preview":"max-video-preview:-1"},"canonical":"https:\/\/aglay.com\/az\/about\/","og_locale":"az_AZ","og_type":"article","og_title":"Aglay haqq\u0131nda \u2013 T\u0259bii Da\u015f M\u00fck\u0259mm\u0259lliyind\u0259 \u0130rs","og_description":"T\u0259bii aqlay da\u015f\u0131, klassik fasad \u00fc\u00e7\u00fcn z\u0259rif da\u015f i\u015fl\u0259m\u0259l\u0259ri, estetik g\u00f6r\u00fcn\u00fc\u015f v\u0259 uzun\u00f6m\u00fcrl\u00fcl\u00fck yarad\u0131r","og_url":"https:\/\/aglay.com\/az\/about\/","og_site_name":"Aglay","article_modified_time":"2026-02-26T15:46:25+00:00","twitter_card":"summary_large_image","schema":{"@context":"https:\/\/schema.org","@graph":[{"@type":"WebPage","@id":"https:\/\/aglay.com\/az\/about\/","url":"https:\/\/aglay.com\/az\/about\/","name":"Aglay haqq\u0131nda \u2013 T\u0259bii Da\u015f M\u00fck\u0259mm\u0259lliyind\u0259 \u0130rs","isPartOf":{"@id":"https:\/\/aglay.com\/#website"},"datePublished":"2020-12-18T07:29:17+00:00","dateModified":"2026-02-26T15:46:25+00:00","description":"T\u0259bii aqlay da\u015f\u0131, klassik fasad \u00fc\u00e7\u00fcn z\u0259rif da\u015f i\u015fl\u0259m\u0259l\u0259ri, estetik g\u00f6r\u00fcn\u00fc\u015f v\u0259 uzun\u00f6m\u00fcrl\u00fcl\u00fck yarad\u0131r","breadcrumb":{"@id":"https:\/\/aglay.com\/az\/about\/#breadcrumb"},"inLanguage":"az-AZ","potentialAction":[{"@type":"ReadAction","target":["https:\/\/aglay.com\/az\/about\/"]}]},{"@type":"BreadcrumbList","@id":"https:\/\/aglay.com\/az\/about\/#breadcrumb","itemListElement":[{"@type":"ListItem","position":1,"name":"Home","item":"https:\/\/aglay.com\/az\/"},{"@type":"ListItem","position":2,"name":"Haqq\u0131m\u0131zda"}]},{"@type":"WebSite","@id":"https:\/\/aglay.com\/#website","url":"https:\/\/aglay.com\/","name":"Aglay","description":"","publisher":{"@id":"https:\/\/aglay.com\/#organization"},"potentialAction":[{"@type":"SearchAction","target":{"@type":"EntryPoint","urlTemplate":"https:\/\/aglay.com\/?s={search_term_string}"},"query-input":{"@type":"PropertyValueSpecification","valueRequired":true,"valueName":"search_term_string"}}],"inLanguage":"az-AZ"},{"@type":"Organization","@id":"https:\/\/aglay.com\/#organization","name":"Aglay","url":"https:\/\/aglay.com\/","logo":{"@type":"ImageObject","inLanguage":"az-AZ","@id":"https:\/\/aglay.com\/#\/schema\/logo\/image\/","url":"https:\/\/aglay.com\/wp-content\/uploads\/2020\/12\/logo2x2.png","contentUrl":"https:\/\/aglay.com\/wp-content\/uploads\/2020\/12\/logo2x2.png","width":434,"height":28,"caption":"Aglay"},"image":{"@id":"https:\/\/aglay.com\/#\/schema\/logo\/image\/"}}]}},"_links":{"self":[{"href":"https:\/\/aglay.com\/az\/wp-json\/wp\/v2\/pages\/1603","targetHints":{"allow":["GET"]}}],"collection":[{"href":"https:\/\/aglay.com\/az\/wp-json\/wp\/v2\/pages"}],"about":[{"href":"https:\/\/aglay.com\/az\/wp-json\/wp\/v2\/types\/page"}],"author":[{"embeddable":true,"href":"https:\/\/aglay.com\/az\/wp-json\/wp\/v2\/users\/1"}],"replies":[{"embeddable":true,"href":"https:\/\/aglay.com\/az\/wp-json\/wp\/v2\/comments?post=1603"}],"version-history":[{"count":5,"href":"https:\/\/aglay.com\/az\/wp-json\/wp\/v2\/pages\/1603\/revisions"}],"predecessor-version":[{"id":2744,"href":"https:\/\/aglay.com\/az\/wp-json\/wp\/v2\/pages\/1603\/revisions\/2744"}],"wp:attachment":[{"href":"https:\/\/aglay.com\/az\/wp-json\/wp\/v2\/media?parent=1603"}],"curies":[{"name":"wp","href":"https:\/\/api.w.org\/{rel}","templated":true}]}}