{"id":1608,"date":"2020-12-18T08:55:26","date_gmt":"2020-12-18T08:55:26","guid":{"rendered":"https:\/\/aglay.com\/gallery\/"},"modified":"2026-02-26T15:15:14","modified_gmt":"2026-02-26T15:15:14","slug":"gallery","status":"publish","type":"page","link":"https:\/\/aglay.com\/az\/gallery\/","title":{"rendered":"Qalereya"},"content":{"rendered":"","protected":false},"excerpt":{"rendered":"","protected":false},"author":1,"featured_media":0,"parent":0,"menu_order":0,"comment_status":"closed","ping_status":"closed","template":"templates\/template.gallery.php","meta":{"footnotes":""},"class_list":["post-1608","page","type-page","status-publish","hentry"],"yoast_head":"<!-- This site is optimized with the Yoast SEO plugin v27.4 - https:\/\/yoast.com\/product\/yoast-seo-wordpress\/ -->\n<title>Bak\u0131 Memarl\u0131\u011f\u0131 \u2013 \u018fsrl\u0259rin A\u011flay Da\u015f\u0131 Layih\u0259l\u0259ri<\/title>\n<meta name=\"description\" content=\"K\u00f6hn\u0259 Bak\u0131 v\u0259 M\u00fcst\u0259qillik d\u00f6vr\u00fcn\u00fcn layih\u0259l\u0259ri, gec\u0259 g\u00f6r\u00fcnt\u00fcl\u0259ri, \u015f\u0259xsi villalar. Bak\u0131da Aglay da\u015f\u0131 il\u0259 b\u0259z\u0259dilmi\u015f, tarixi v\u0259 m\u00fcasir memarl\u0131\u011f\u0131 \u0259ks etdir\u0259n qalereyam\u0131za bax\u0131n\" \/>\n<meta name=\"robots\" content=\"index, follow, max-snippet:-1, max-image-preview:large, max-video-preview:-1\" \/>\n<link rel=\"canonical\" href=\"https:\/\/aglay.com\/az\/gallery\/\" \/>\n<meta property=\"og:locale\" content=\"az_AZ\" \/>\n<meta property=\"og:type\" content=\"article\" \/>\n<meta property=\"og:title\" content=\"Bak\u0131 Memarl\u0131\u011f\u0131 \u2013 \u018fsrl\u0259rin A\u011flay Da\u015f\u0131 Layih\u0259l\u0259ri\" \/>\n<meta property=\"og:description\" content=\"K\u00f6hn\u0259 Bak\u0131 v\u0259 M\u00fcst\u0259qillik d\u00f6vr\u00fcn\u00fcn layih\u0259l\u0259ri, gec\u0259 g\u00f6r\u00fcnt\u00fcl\u0259ri, \u015f\u0259xsi villalar. Bak\u0131da Aglay da\u015f\u0131 il\u0259 b\u0259z\u0259dilmi\u015f, tarixi v\u0259 m\u00fcasir memarl\u0131\u011f\u0131 \u0259ks etdir\u0259n qalereyam\u0131za bax\u0131n\" \/>\n<meta property=\"og:url\" content=\"https:\/\/aglay.com\/az\/gallery\/\" \/>\n<meta property=\"og:site_name\" content=\"Aglay\" \/>\n<meta property=\"article:modified_time\" content=\"2026-02-26T15:15:14+00:00\" \/>\n<meta name=\"twitter:card\" content=\"summary_large_image\" \/>\n<script type=\"application\/ld+json\" class=\"yoast-schema-graph\">{\"@context\":\"https:\\\/\\\/schema.org\",\"@graph\":[{\"@type\":\"WebPage\",\"@id\":\"https:\\\/\\\/aglay.com\\\/az\\\/gallery\\\/\",\"url\":\"https:\\\/\\\/aglay.com\\\/az\\\/gallery\\\/\",\"name\":\"Bak\u0131 Memarl\u0131\u011f\u0131 \u2013 \u018fsrl\u0259rin A\u011flay Da\u015f\u0131 Layih\u0259l\u0259ri\",\"isPartOf\":{\"@id\":\"https:\\\/\\\/aglay.com\\\/#website\"},\"datePublished\":\"2020-12-18T08:55:26+00:00\",\"dateModified\":\"2026-02-26T15:15:14+00:00\",\"description\":\"K\u00f6hn\u0259 Bak\u0131 v\u0259 M\u00fcst\u0259qillik d\u00f6vr\u00fcn\u00fcn layih\u0259l\u0259ri, gec\u0259 g\u00f6r\u00fcnt\u00fcl\u0259ri, \u015f\u0259xsi villalar. Bak\u0131da Aglay da\u015f\u0131 il\u0259 b\u0259z\u0259dilmi\u015f, tarixi v\u0259 m\u00fcasir memarl\u0131\u011f\u0131 \u0259ks etdir\u0259n qalereyam\u0131za bax\u0131n\",\"breadcrumb\":{\"@id\":\"https:\\\/\\\/aglay.com\\\/az\\\/gallery\\\/#breadcrumb\"},\"inLanguage\":\"az-AZ\",\"potentialAction\":[{\"@type\":\"ReadAction\",\"target\":[\"https:\\\/\\\/aglay.com\\\/az\\\/gallery\\\/\"]}]},{\"@type\":\"BreadcrumbList\",\"@id\":\"https:\\\/\\\/aglay.com\\\/az\\\/gallery\\\/#breadcrumb\",\"itemListElement\":[{\"@type\":\"ListItem\",\"position\":1,\"name\":\"Home\",\"item\":\"https:\\\/\\\/aglay.com\\\/az\\\/\"},{\"@type\":\"ListItem\",\"position\":2,\"name\":\"Qalereya\"}]},{\"@type\":\"WebSite\",\"@id\":\"https:\\\/\\\/aglay.com\\\/#website\",\"url\":\"https:\\\/\\\/aglay.com\\\/\",\"name\":\"Aglay\",\"description\":\"\",\"publisher\":{\"@id\":\"https:\\\/\\\/aglay.com\\\/#organization\"},\"potentialAction\":[{\"@type\":\"SearchAction\",\"target\":{\"@type\":\"EntryPoint\",\"urlTemplate\":\"https:\\\/\\\/aglay.com\\\/?s={search_term_string}\"},\"query-input\":{\"@type\":\"PropertyValueSpecification\",\"valueRequired\":true,\"valueName\":\"search_term_string\"}}],\"inLanguage\":\"az-AZ\"},{\"@type\":\"Organization\",\"@id\":\"https:\\\/\\\/aglay.com\\\/#organization\",\"name\":\"Aglay\",\"url\":\"https:\\\/\\\/aglay.com\\\/\",\"logo\":{\"@type\":\"ImageObject\",\"inLanguage\":\"az-AZ\",\"@id\":\"https:\\\/\\\/aglay.com\\\/#\\\/schema\\\/logo\\\/image\\\/\",\"url\":\"https:\\\/\\\/aglay.com\\\/wp-content\\\/uploads\\\/2020\\\/12\\\/logo2x2.png\",\"contentUrl\":\"https:\\\/\\\/aglay.com\\\/wp-content\\\/uploads\\\/2020\\\/12\\\/logo2x2.png\",\"width\":434,\"height\":28,\"caption\":\"Aglay\"},\"image\":{\"@id\":\"https:\\\/\\\/aglay.com\\\/#\\\/schema\\\/logo\\\/image\\\/\"}}]}<\/script>\n<!-- \/ Yoast SEO plugin. -->","yoast_head_json":{"title":"Bak\u0131 Memarl\u0131\u011f\u0131 \u2013 \u018fsrl\u0259rin A\u011flay Da\u015f\u0131 Layih\u0259l\u0259ri","description":"K\u00f6hn\u0259 Bak\u0131 v\u0259 M\u00fcst\u0259qillik d\u00f6vr\u00fcn\u00fcn layih\u0259l\u0259ri, gec\u0259 g\u00f6r\u00fcnt\u00fcl\u0259ri, \u015f\u0259xsi villalar. Bak\u0131da Aglay da\u015f\u0131 il\u0259 b\u0259z\u0259dilmi\u015f, tarixi v\u0259 m\u00fcasir memarl\u0131\u011f\u0131 \u0259ks etdir\u0259n qalereyam\u0131za bax\u0131n","robots":{"index":"index","follow":"follow","max-snippet":"max-snippet:-1","max-image-preview":"max-image-preview:large","max-video-preview":"max-video-preview:-1"},"canonical":"https:\/\/aglay.com\/az\/gallery\/","og_locale":"az_AZ","og_type":"article","og_title":"Bak\u0131 Memarl\u0131\u011f\u0131 \u2013 \u018fsrl\u0259rin A\u011flay Da\u015f\u0131 Layih\u0259l\u0259ri","og_description":"K\u00f6hn\u0259 Bak\u0131 v\u0259 M\u00fcst\u0259qillik d\u00f6vr\u00fcn\u00fcn layih\u0259l\u0259ri, gec\u0259 g\u00f6r\u00fcnt\u00fcl\u0259ri, \u015f\u0259xsi villalar. Bak\u0131da Aglay da\u015f\u0131 il\u0259 b\u0259z\u0259dilmi\u015f, tarixi v\u0259 m\u00fcasir memarl\u0131\u011f\u0131 \u0259ks etdir\u0259n qalereyam\u0131za bax\u0131n","og_url":"https:\/\/aglay.com\/az\/gallery\/","og_site_name":"Aglay","article_modified_time":"2026-02-26T15:15:14+00:00","twitter_card":"summary_large_image","schema":{"@context":"https:\/\/schema.org","@graph":[{"@type":"WebPage","@id":"https:\/\/aglay.com\/az\/gallery\/","url":"https:\/\/aglay.com\/az\/gallery\/","name":"Bak\u0131 Memarl\u0131\u011f\u0131 \u2013 \u018fsrl\u0259rin A\u011flay Da\u015f\u0131 Layih\u0259l\u0259ri","isPartOf":{"@id":"https:\/\/aglay.com\/#website"},"datePublished":"2020-12-18T08:55:26+00:00","dateModified":"2026-02-26T15:15:14+00:00","description":"K\u00f6hn\u0259 Bak\u0131 v\u0259 M\u00fcst\u0259qillik d\u00f6vr\u00fcn\u00fcn layih\u0259l\u0259ri, gec\u0259 g\u00f6r\u00fcnt\u00fcl\u0259ri, \u015f\u0259xsi villalar. Bak\u0131da Aglay da\u015f\u0131 il\u0259 b\u0259z\u0259dilmi\u015f, tarixi v\u0259 m\u00fcasir memarl\u0131\u011f\u0131 \u0259ks etdir\u0259n qalereyam\u0131za bax\u0131n","breadcrumb":{"@id":"https:\/\/aglay.com\/az\/gallery\/#breadcrumb"},"inLanguage":"az-AZ","potentialAction":[{"@type":"ReadAction","target":["https:\/\/aglay.com\/az\/gallery\/"]}]},{"@type":"BreadcrumbList","@id":"https:\/\/aglay.com\/az\/gallery\/#breadcrumb","itemListElement":[{"@type":"ListItem","position":1,"name":"Home","item":"https:\/\/aglay.com\/az\/"},{"@type":"ListItem","position":2,"name":"Qalereya"}]},{"@type":"WebSite","@id":"https:\/\/aglay.com\/#website","url":"https:\/\/aglay.com\/","name":"Aglay","description":"","publisher":{"@id":"https:\/\/aglay.com\/#organization"},"potentialAction":[{"@type":"SearchAction","target":{"@type":"EntryPoint","urlTemplate":"https:\/\/aglay.com\/?s={search_term_string}"},"query-input":{"@type":"PropertyValueSpecification","valueRequired":true,"valueName":"search_term_string"}}],"inLanguage":"az-AZ"},{"@type":"Organization","@id":"https:\/\/aglay.com\/#organization","name":"Aglay","url":"https:\/\/aglay.com\/","logo":{"@type":"ImageObject","inLanguage":"az-AZ","@id":"https:\/\/aglay.com\/#\/schema\/logo\/image\/","url":"https:\/\/aglay.com\/wp-content\/uploads\/2020\/12\/logo2x2.png","contentUrl":"https:\/\/aglay.com\/wp-content\/uploads\/2020\/12\/logo2x2.png","width":434,"height":28,"caption":"Aglay"},"image":{"@id":"https:\/\/aglay.com\/#\/schema\/logo\/image\/"}}]}},"_links":{"self":[{"href":"https:\/\/aglay.com\/az\/wp-json\/wp\/v2\/pages\/1608","targetHints":{"allow":["GET"]}}],"collection":[{"href":"https:\/\/aglay.com\/az\/wp-json\/wp\/v2\/pages"}],"about":[{"href":"https:\/\/aglay.com\/az\/wp-json\/wp\/v2\/types\/page"}],"author":[{"embeddable":true,"href":"https:\/\/aglay.com\/az\/wp-json\/wp\/v2\/users\/1"}],"replies":[{"embeddable":true,"href":"https:\/\/aglay.com\/az\/wp-json\/wp\/v2\/comments?post=1608"}],"version-history":[{"count":2,"href":"https:\/\/aglay.com\/az\/wp-json\/wp\/v2\/pages\/1608\/revisions"}],"predecessor-version":[{"id":1817,"href":"https:\/\/aglay.com\/az\/wp-json\/wp\/v2\/pages\/1608\/revisions\/1817"}],"wp:attachment":[{"href":"https:\/\/aglay.com\/az\/wp-json\/wp\/v2\/media?parent=1608"}],"curies":[{"name":"wp","href":"https:\/\/api.w.org\/{rel}","templated":true}]}}