{"id":1620,"date":"2020-12-18T08:53:14","date_gmt":"2020-12-18T08:53:14","guid":{"rendered":"https:\/\/aglay.com\/aglay\/"},"modified":"2026-02-26T16:05:59","modified_gmt":"2026-02-26T16:05:59","slug":"aglay","status":"publish","type":"page","link":"https:\/\/aglay.com\/az\/aglay\/","title":{"rendered":"Aglay"},"content":{"rendered":"","protected":false},"excerpt":{"rendered":"","protected":false},"author":1,"featured_media":0,"parent":0,"menu_order":0,"comment_status":"closed","ping_status":"closed","template":"templates\/template.aglay-common.php","meta":{"footnotes":""},"class_list":["post-1620","page","type-page","status-publish","hentry"],"yoast_head":"<!-- This site is optimized with the Yoast SEO plugin v27.4 - https:\/\/yoast.com\/product\/yoast-seo-wordpress\/ -->\n<title>Aglay Da\u015f\u0131 \u2013 Y\u00fcks\u0259k M\u00f6hk\u0259mlik v\u0259 Asan Emal X\u00fcsusiyy\u0259tl\u0259ri<\/title>\n<meta name=\"description\" content=\"Aglay da\u015flar\u0131n\u0131n \u00fcst\u00fcnl\u00fckl\u0259ri, uzun\u00f6m\u00fcrl\u00fc, dekor v\u0259 memarl\u0131q elementl\u0259ri haz\u0131rlanmas\u0131nda rahatl\u0131\u011f\u0131, onlar\u0131 binalar\u0131n fasad \u00fczl\u0259nm\u0259si \u00fc\u00e7\u00fcn ideal edir\" \/>\n<meta name=\"robots\" content=\"index, follow, max-snippet:-1, max-image-preview:large, max-video-preview:-1\" \/>\n<link rel=\"canonical\" href=\"https:\/\/aglay.com\/az\/aglay\/\" \/>\n<meta property=\"og:locale\" content=\"az_AZ\" \/>\n<meta property=\"og:type\" content=\"article\" \/>\n<meta property=\"og:title\" content=\"Aglay Da\u015f\u0131 \u2013 Y\u00fcks\u0259k M\u00f6hk\u0259mlik v\u0259 Asan Emal X\u00fcsusiyy\u0259tl\u0259ri\" \/>\n<meta property=\"og:description\" content=\"Aglay da\u015flar\u0131n\u0131n \u00fcst\u00fcnl\u00fckl\u0259ri, uzun\u00f6m\u00fcrl\u00fc, dekor v\u0259 memarl\u0131q elementl\u0259ri haz\u0131rlanmas\u0131nda rahatl\u0131\u011f\u0131, onlar\u0131 binalar\u0131n fasad \u00fczl\u0259nm\u0259si \u00fc\u00e7\u00fcn ideal edir\" \/>\n<meta property=\"og:url\" content=\"https:\/\/aglay.com\/az\/aglay\/\" \/>\n<meta property=\"og:site_name\" content=\"Aglay\" \/>\n<meta property=\"article:modified_time\" content=\"2026-02-26T16:05:59+00:00\" \/>\n<meta name=\"twitter:card\" content=\"summary_large_image\" \/>\n<script type=\"application\/ld+json\" class=\"yoast-schema-graph\">{\"@context\":\"https:\\\/\\\/schema.org\",\"@graph\":[{\"@type\":\"WebPage\",\"@id\":\"https:\\\/\\\/aglay.com\\\/az\\\/aglay\\\/\",\"url\":\"https:\\\/\\\/aglay.com\\\/az\\\/aglay\\\/\",\"name\":\"Aglay Da\u015f\u0131 \u2013 Y\u00fcks\u0259k M\u00f6hk\u0259mlik v\u0259 Asan Emal X\u00fcsusiyy\u0259tl\u0259ri\",\"isPartOf\":{\"@id\":\"https:\\\/\\\/aglay.com\\\/#website\"},\"datePublished\":\"2020-12-18T08:53:14+00:00\",\"dateModified\":\"2026-02-26T16:05:59+00:00\",\"description\":\"Aglay da\u015flar\u0131n\u0131n \u00fcst\u00fcnl\u00fckl\u0259ri, uzun\u00f6m\u00fcrl\u00fc, dekor v\u0259 memarl\u0131q elementl\u0259ri haz\u0131rlanmas\u0131nda rahatl\u0131\u011f\u0131, onlar\u0131 binalar\u0131n fasad \u00fczl\u0259nm\u0259si \u00fc\u00e7\u00fcn ideal edir\",\"breadcrumb\":{\"@id\":\"https:\\\/\\\/aglay.com\\\/az\\\/aglay\\\/#breadcrumb\"},\"inLanguage\":\"az-AZ\",\"potentialAction\":[{\"@type\":\"ReadAction\",\"target\":[\"https:\\\/\\\/aglay.com\\\/az\\\/aglay\\\/\"]}]},{\"@type\":\"BreadcrumbList\",\"@id\":\"https:\\\/\\\/aglay.com\\\/az\\\/aglay\\\/#breadcrumb\",\"itemListElement\":[{\"@type\":\"ListItem\",\"position\":1,\"name\":\"Home\",\"item\":\"https:\\\/\\\/aglay.com\\\/az\\\/\"},{\"@type\":\"ListItem\",\"position\":2,\"name\":\"Aglay\"}]},{\"@type\":\"WebSite\",\"@id\":\"https:\\\/\\\/aglay.com\\\/#website\",\"url\":\"https:\\\/\\\/aglay.com\\\/\",\"name\":\"Aglay\",\"description\":\"\",\"publisher\":{\"@id\":\"https:\\\/\\\/aglay.com\\\/#organization\"},\"potentialAction\":[{\"@type\":\"SearchAction\",\"target\":{\"@type\":\"EntryPoint\",\"urlTemplate\":\"https:\\\/\\\/aglay.com\\\/?s={search_term_string}\"},\"query-input\":{\"@type\":\"PropertyValueSpecification\",\"valueRequired\":true,\"valueName\":\"search_term_string\"}}],\"inLanguage\":\"az-AZ\"},{\"@type\":\"Organization\",\"@id\":\"https:\\\/\\\/aglay.com\\\/#organization\",\"name\":\"Aglay\",\"url\":\"https:\\\/\\\/aglay.com\\\/\",\"logo\":{\"@type\":\"ImageObject\",\"inLanguage\":\"az-AZ\",\"@id\":\"https:\\\/\\\/aglay.com\\\/#\\\/schema\\\/logo\\\/image\\\/\",\"url\":\"https:\\\/\\\/aglay.com\\\/wp-content\\\/uploads\\\/2020\\\/12\\\/logo2x2.png\",\"contentUrl\":\"https:\\\/\\\/aglay.com\\\/wp-content\\\/uploads\\\/2020\\\/12\\\/logo2x2.png\",\"width\":434,\"height\":28,\"caption\":\"Aglay\"},\"image\":{\"@id\":\"https:\\\/\\\/aglay.com\\\/#\\\/schema\\\/logo\\\/image\\\/\"}}]}<\/script>\n<!-- \/ Yoast SEO plugin. -->","yoast_head_json":{"title":"Aglay Da\u015f\u0131 \u2013 Y\u00fcks\u0259k M\u00f6hk\u0259mlik v\u0259 Asan Emal X\u00fcsusiyy\u0259tl\u0259ri","description":"Aglay da\u015flar\u0131n\u0131n \u00fcst\u00fcnl\u00fckl\u0259ri, uzun\u00f6m\u00fcrl\u00fc, dekor v\u0259 memarl\u0131q elementl\u0259ri haz\u0131rlanmas\u0131nda rahatl\u0131\u011f\u0131, onlar\u0131 binalar\u0131n fasad \u00fczl\u0259nm\u0259si \u00fc\u00e7\u00fcn ideal edir","robots":{"index":"index","follow":"follow","max-snippet":"max-snippet:-1","max-image-preview":"max-image-preview:large","max-video-preview":"max-video-preview:-1"},"canonical":"https:\/\/aglay.com\/az\/aglay\/","og_locale":"az_AZ","og_type":"article","og_title":"Aglay Da\u015f\u0131 \u2013 Y\u00fcks\u0259k M\u00f6hk\u0259mlik v\u0259 Asan Emal X\u00fcsusiyy\u0259tl\u0259ri","og_description":"Aglay da\u015flar\u0131n\u0131n \u00fcst\u00fcnl\u00fckl\u0259ri, uzun\u00f6m\u00fcrl\u00fc, dekor v\u0259 memarl\u0131q elementl\u0259ri haz\u0131rlanmas\u0131nda rahatl\u0131\u011f\u0131, onlar\u0131 binalar\u0131n fasad \u00fczl\u0259nm\u0259si \u00fc\u00e7\u00fcn ideal edir","og_url":"https:\/\/aglay.com\/az\/aglay\/","og_site_name":"Aglay","article_modified_time":"2026-02-26T16:05:59+00:00","twitter_card":"summary_large_image","schema":{"@context":"https:\/\/schema.org","@graph":[{"@type":"WebPage","@id":"https:\/\/aglay.com\/az\/aglay\/","url":"https:\/\/aglay.com\/az\/aglay\/","name":"Aglay Da\u015f\u0131 \u2013 Y\u00fcks\u0259k M\u00f6hk\u0259mlik v\u0259 Asan Emal X\u00fcsusiyy\u0259tl\u0259ri","isPartOf":{"@id":"https:\/\/aglay.com\/#website"},"datePublished":"2020-12-18T08:53:14+00:00","dateModified":"2026-02-26T16:05:59+00:00","description":"Aglay da\u015flar\u0131n\u0131n \u00fcst\u00fcnl\u00fckl\u0259ri, uzun\u00f6m\u00fcrl\u00fc, dekor v\u0259 memarl\u0131q elementl\u0259ri haz\u0131rlanmas\u0131nda rahatl\u0131\u011f\u0131, onlar\u0131 binalar\u0131n fasad \u00fczl\u0259nm\u0259si \u00fc\u00e7\u00fcn ideal edir","breadcrumb":{"@id":"https:\/\/aglay.com\/az\/aglay\/#breadcrumb"},"inLanguage":"az-AZ","potentialAction":[{"@type":"ReadAction","target":["https:\/\/aglay.com\/az\/aglay\/"]}]},{"@type":"BreadcrumbList","@id":"https:\/\/aglay.com\/az\/aglay\/#breadcrumb","itemListElement":[{"@type":"ListItem","position":1,"name":"Home","item":"https:\/\/aglay.com\/az\/"},{"@type":"ListItem","position":2,"name":"Aglay"}]},{"@type":"WebSite","@id":"https:\/\/aglay.com\/#website","url":"https:\/\/aglay.com\/","name":"Aglay","description":"","publisher":{"@id":"https:\/\/aglay.com\/#organization"},"potentialAction":[{"@type":"SearchAction","target":{"@type":"EntryPoint","urlTemplate":"https:\/\/aglay.com\/?s={search_term_string}"},"query-input":{"@type":"PropertyValueSpecification","valueRequired":true,"valueName":"search_term_string"}}],"inLanguage":"az-AZ"},{"@type":"Organization","@id":"https:\/\/aglay.com\/#organization","name":"Aglay","url":"https:\/\/aglay.com\/","logo":{"@type":"ImageObject","inLanguage":"az-AZ","@id":"https:\/\/aglay.com\/#\/schema\/logo\/image\/","url":"https:\/\/aglay.com\/wp-content\/uploads\/2020\/12\/logo2x2.png","contentUrl":"https:\/\/aglay.com\/wp-content\/uploads\/2020\/12\/logo2x2.png","width":434,"height":28,"caption":"Aglay"},"image":{"@id":"https:\/\/aglay.com\/#\/schema\/logo\/image\/"}}]}},"_links":{"self":[{"href":"https:\/\/aglay.com\/az\/wp-json\/wp\/v2\/pages\/1620","targetHints":{"allow":["GET"]}}],"collection":[{"href":"https:\/\/aglay.com\/az\/wp-json\/wp\/v2\/pages"}],"about":[{"href":"https:\/\/aglay.com\/az\/wp-json\/wp\/v2\/types\/page"}],"author":[{"embeddable":true,"href":"https:\/\/aglay.com\/az\/wp-json\/wp\/v2\/users\/1"}],"replies":[{"embeddable":true,"href":"https:\/\/aglay.com\/az\/wp-json\/wp\/v2\/comments?post=1620"}],"version-history":[{"count":2,"href":"https:\/\/aglay.com\/az\/wp-json\/wp\/v2\/pages\/1620\/revisions"}],"predecessor-version":[{"id":1623,"href":"https:\/\/aglay.com\/az\/wp-json\/wp\/v2\/pages\/1620\/revisions\/1623"}],"wp:attachment":[{"href":"https:\/\/aglay.com\/az\/wp-json\/wp\/v2\/media?parent=1620"}],"curies":[{"name":"wp","href":"https:\/\/api.w.org\/{rel}","templated":true}]}}