{"id":1638,"date":"2020-12-18T07:29:17","date_gmt":"2020-12-18T07:29:17","guid":{"rendered":"https:\/\/aglay.com\/contact\/"},"modified":"2025-09-04T08:23:32","modified_gmt":"2025-09-04T08:23:32","slug":"contact","status":"publish","type":"page","link":"https:\/\/aglay.com\/az\/contact\/","title":{"rendered":"\u018flaq\u0259"},"content":{"rendered":"<div class=\"row contact_page_main\">\n<div class=\"col-md-4 pl-0\">\n<h1 class=\"sec_title c_gold_2\">Biziml\u0259 \u0259laq\u0259 saxlay\u0131n<\/h1>\n<ul class=\"contact_page_detail\">\n<li><a href=\"tel:+18453007030\">+994 50 214 0565 (whatsapp) <\/a><\/li>\n<li><a class=\"mail\" href=\"mailto:support@aglay.com\">sales@aglay.com<\/a><\/li>\n<li><b>Social media<\/b>\n<ul class=\"f_social_links\">\n<li><\/li>\n<li><\/li>\n<li><\/li>\n<li><\/li>\n<\/ul>\n<\/li>\n<\/ul>\n<\/div>\n<div class=\"col-md-8 contact_form_side\">\n<h3>Z\u0259ng sifari\u015f edin<\/h3>\n<p>Bizd\u0259n geri z\u0259ng almaq \u00fc\u00e7\u00fcn m\u0259lumatlar\u0131n\u0131z\u0131 daxil edin<\/p>\n\n<div class=\"wpcf7 no-js\" id=\"wpcf7-f1790-o1\" lang=\"en-US\" dir=\"ltr\" data-wpcf7-id=\"1790\">\n<div class=\"screen-reader-response\"><p role=\"status\" aria-live=\"polite\" aria-atomic=\"true\"><\/p> <ul><\/ul><\/div>\n<form action=\"\/az\/wp-json\/wp\/v2\/pages\/1638#wpcf7-f1790-o1\" method=\"post\" class=\"wpcf7-form init\" aria-label=\"Contact form\" novalidate=\"novalidate\" data-status=\"init\">\n<fieldset class=\"hidden-fields-container\"><input type=\"hidden\" name=\"_wpcf7\" value=\"1790\" \/><input type=\"hidden\" name=\"_wpcf7_version\" value=\"6.1.5\" \/><input type=\"hidden\" name=\"_wpcf7_locale\" value=\"en_US\" \/><input type=\"hidden\" name=\"_wpcf7_unit_tag\" value=\"wpcf7-f1790-o1\" \/><input type=\"hidden\" name=\"_wpcf7_container_post\" value=\"0\" \/><input type=\"hidden\" name=\"_wpcf7_posted_data_hash\" value=\"\" \/>\n<\/fieldset>\n<div class=\"form-row\">\n\t<div class=\"col-md-6\">\n\t\t<p><label>Ad<span class=\"req\">*<\/span><\/label><span class=\"wpcf7-form-control-wrap\" data-name=\"your-name\"><input size=\"40\" maxlength=\"400\" class=\"wpcf7-form-control wpcf7-text wpcf7-validates-as-required\" aria-required=\"true\" aria-invalid=\"false\" value=\"\" type=\"text\" name=\"your-name\" \/><\/span><small>First Name<\/small>\n\t\t<\/p>\n\t<\/div>\n\t<div class=\"col-md-6\">\n\t\t<p><label>Soyad <\/label><span class=\"wpcf7-form-control-wrap\" data-name=\"your-last-name\"><input size=\"40\" maxlength=\"400\" class=\"wpcf7-form-control wpcf7-text\" aria-invalid=\"false\" value=\"\" type=\"text\" name=\"your-last-name\" \/><\/span><small>Last Name<\/small>\n\t\t<\/p>\n\t<\/div>\n<\/div>\n<div class=\"form-row\">\n\t<div class=\"col-md-6\">\n\t\t<p><label>Telefon n\u00f6mr\u0259si <span class=\"req\">*<\/span><\/label><span class=\"wpcf7-form-control-wrap\" data-name=\"your-phone\"><input size=\"40\" class=\"wpcf7-form-control wpcf7-phonetext wpcf7-text wpcf7-validates-as-phonetext phone_flag\" aria-invalid=\"false\" value=\"\" type=\"text\" name=\"your-phone\" \/><input type=\"hidden\" name=\"your-phone-country-code\" class=\"wpcf7-phonetext-country-code\" \/><\/span><span class=\"wpcf7-form-control-wrap mask-624\"><input type=\"text\" value=\"\" name=\"mask-624\" class=\"wpcf7-form-control wpcf7-mask wpcf7-validates-as-required wpcf7mf-mask\" size=\"40\" aria-required=\"1\" aria-invalid=\"\" placeholder=\"___-___-____\" data-mask=\"___-___-____\" \/><\/span>\n\t\t<\/p>\n\t<\/div>\n\t<div class=\"col-md-6\">\n\t\t<p><label>Email <span class=\"req\">*<\/span><\/label><span class=\"wpcf7-form-control-wrap\" data-name=\"your-email\"><input size=\"40\" maxlength=\"400\" class=\"wpcf7-form-control wpcf7-email wpcf7-validates-as-required wpcf7-text wpcf7-validates-as-email\" aria-required=\"true\" aria-invalid=\"false\" value=\"\" type=\"email\" name=\"your-email\" \/><\/span>\n\t\t<\/p>\n\t<\/div>\n<\/div>\n<div class=\"form-row\">\n\t<div class=\"col-md-6\">\n\t\t<p><label>Tarix <span class=\"req\">*<\/span><\/label><span class=\"wpcf7-form-control-wrap\" data-name=\"date-288\"><input class=\"wpcf7-form-control wpcf7-date wpcf7-validates-as-required wpcf7-validates-as-date\" aria-required=\"true\" aria-invalid=\"false\" value=\"\" type=\"date\" name=\"date-288\" \/><\/span>\n\t\t<\/p>\n\t<\/div>\n\t<div class=\"col-md-6\">\n\t\t<p><label>Vaxt <span class=\"req\">*<\/span><\/label><br \/>\n<span class=\"wpcf7-form-control-wrap\" data-name=\"pre-time\"><select class=\"wpcf7-form-control wpcf7-select wpcf7-validates-as-required pre-time\" id=\"pre-time\" aria-required=\"true\" aria-invalid=\"false\" name=\"pre-time\"><option value=\"\">&#8212;Please choose an option&#8212;<\/option><option value=\"12.00 AM\">12.00 AM<\/option><option value=\"12.30 AM\">12.30 AM<\/option><option value=\"01.00 AM\">01.00 AM<\/option><option value=\"01.30 AM\">01.30 AM<\/option><option value=\"02.00 AM\">02.00 AM<\/option><option value=\"02.30 AM\">02.30 AM<\/option><option value=\"03.00 AM\">03.00 AM<\/option><option value=\"03.30 AM\">03.30 AM<\/option><option value=\"04.00 AM\">04.00 AM<\/option><option value=\"04.30 AM\">04.30 AM<\/option><option value=\"05.00 AM\">05.00 AM<\/option><option value=\"05.30 AM\">05.30 AM<\/option><option value=\"06.00 AM\">06.00 AM<\/option><option value=\"06.30 AM\">06.30 AM<\/option><option value=\"07.00 AM\">07.00 AM<\/option><option value=\"07.30 AM\">07.30 AM<\/option><option value=\"08.00 AM\">08.00 AM<\/option><option value=\"08.30 AM\">08.30 AM<\/option><option value=\"09.00 AM\">09.00 AM<\/option><option value=\"09.30 AM\">09.30 AM<\/option><option value=\"10.00 AM\">10.00 AM<\/option><option value=\"10.30 AM\">10.30 AM<\/option><option value=\"11.00 AM\">11.00 AM<\/option><option value=\"11.30 AM\">11.30 AM<\/option><option value=\"12.00 PM\">12.00 PM<\/option><option value=\"12.30 PM\">12.30 PM<\/option><option value=\"01.00 PM\">01.00 PM<\/option><option value=\"01.30 PM\">01.30 PM<\/option><option value=\"02.00 PM\">02.00 PM<\/option><option value=\"02.30 PM\">02.30 PM<\/option><option value=\"03.00 PM\">03.00 PM<\/option><option value=\"03.30 PM\">03.30 PM<\/option><option value=\"04.00 PM\">04.00 PM<\/option><option value=\"04.30 PM\">04.30 PM<\/option><option value=\"05.00 PM\">05.00 PM<\/option><option value=\"05.30 PM\">05.30 PM<\/option><option value=\"06.00 PM\">06.00 PM<\/option><option value=\"06.30 PM\">06.30 PM<\/option><option value=\"07.00 PM\">07.00 PM<\/option><option value=\"07.30 PM\">07.30 PM<\/option><option value=\"08.00 PM\">08.00 PM<\/option><option value=\"08.30 PM\">08.30 PM<\/option><option value=\"09.00 PM\">09.00 PM<\/option><option value=\"09.30 PM\">09.30 PM<\/option><option value=\"10.00 PM\">10.00 PM<\/option><option value=\"10.30 PM\">10.30 PM<\/option><option value=\"11.00 PM\">11.00 PM<\/option><option value=\"11.30 PM\">11.30 PM<\/option><\/select><\/span><small style=\"opacity:0.8\">Time Zone, NY time (GMT -5)<\/small>\n\t\t<\/p>\n\t<\/div>\n<\/div>\n<div class=\"form-row\">\n\t<div class=\"col-md-12\">\n\t\t<p><label>Mesaj <span class=\"req\">*<\/span><\/label><span class=\"wpcf7-form-control-wrap\" data-name=\"messsage\"><textarea cols=\"40\" rows=\"10\" maxlength=\"2000\" class=\"wpcf7-form-control wpcf7-textarea wpcf7-validates-as-required\" aria-required=\"true\" aria-invalid=\"false\" name=\"messsage\"><\/textarea><\/span>\n\t\t<\/p>\n\t<\/div>\n<\/div>\n<p><input class=\"wpcf7-form-control wpcf7-submit has-spinner\" type=\"submit\" value=\"G\u00d6ND\u018fR\" \/>\n<\/p><div class=\"wpcf7-response-output\" aria-hidden=\"true\"><\/div>\n<\/form>\n<\/div>\n\n<\/div>\n<\/div>\n","protected":false},"excerpt":{"rendered":"<p>Biziml\u0259 \u0259laq\u0259 saxlay\u0131n +994 50 214 0565 (whatsapp) sales@aglay.com Social media Z\u0259ng sifari\u015f edin Bizd\u0259n geri z\u0259ng almaq \u00fc\u00e7\u00fcn m\u0259lumatlar\u0131n\u0131z\u0131 daxil edin<\/p>\n","protected":false},"author":1,"featured_media":0,"parent":0,"menu_order":0,"comment_status":"closed","ping_status":"closed","template":"templates\/template.contact.php","meta":{"footnotes":""},"class_list":["post-1638","page","type-page","status-publish","hentry"],"yoast_head":"<!-- This site is optimized with the Yoast SEO plugin v27.4 - https:\/\/yoast.com\/product\/yoast-seo-wordpress\/ -->\n<title>Aglay Team il\u0259 \u0259laq\u0259 saxlay\u0131n \u2013 Da\u015f Layih\u0259l\u0259ri \u00fczr\u0259 Ekspert D\u0259st\u0259yi<\/title>\n<meta name=\"description\" content=\"F\u0259rdi dizaynlar, aqlay montaj qaydalar\u0131 v\u0259 Aqlay da\u015f\u0131 qiym\u0259ti \u00fc\u00e7\u00fcn m\u00fct\u0259x\u0259ssis m\u0259sl\u0259h\u0259tl\u0259ri al\u0131n\" \/>\n<meta name=\"robots\" content=\"index, follow, max-snippet:-1, max-image-preview:large, max-video-preview:-1\" \/>\n<link rel=\"canonical\" href=\"https:\/\/aglay.com\/az\/contact\/\" \/>\n<meta property=\"og:locale\" content=\"az_AZ\" \/>\n<meta property=\"og:type\" content=\"article\" \/>\n<meta property=\"og:title\" content=\"Aglay Team il\u0259 \u0259laq\u0259 saxlay\u0131n \u2013 Da\u015f Layih\u0259l\u0259ri \u00fczr\u0259 Ekspert D\u0259st\u0259yi\" \/>\n<meta property=\"og:description\" content=\"F\u0259rdi dizaynlar, aqlay montaj qaydalar\u0131 v\u0259 Aqlay da\u015f\u0131 qiym\u0259ti \u00fc\u00e7\u00fcn m\u00fct\u0259x\u0259ssis m\u0259sl\u0259h\u0259tl\u0259ri al\u0131n\" \/>\n<meta property=\"og:url\" content=\"https:\/\/aglay.com\/az\/contact\/\" \/>\n<meta property=\"og:site_name\" content=\"Aglay\" \/>\n<meta property=\"article:modified_time\" content=\"2025-09-04T08:23:32+00:00\" \/>\n<meta name=\"twitter:card\" content=\"summary_large_image\" \/>\n<meta name=\"twitter:label1\" content=\"Est. reading time\" \/>\n\t<meta name=\"twitter:data1\" content=\"1 minute\" \/>\n<script type=\"application\/ld+json\" class=\"yoast-schema-graph\">{\"@context\":\"https:\\\/\\\/schema.org\",\"@graph\":[{\"@type\":\"WebPage\",\"@id\":\"https:\\\/\\\/aglay.com\\\/az\\\/contact\\\/\",\"url\":\"https:\\\/\\\/aglay.com\\\/az\\\/contact\\\/\",\"name\":\"Aglay Team il\u0259 \u0259laq\u0259 saxlay\u0131n \u2013 Da\u015f Layih\u0259l\u0259ri \u00fczr\u0259 Ekspert D\u0259st\u0259yi\",\"isPartOf\":{\"@id\":\"https:\\\/\\\/aglay.com\\\/#website\"},\"datePublished\":\"2020-12-18T07:29:17+00:00\",\"dateModified\":\"2025-09-04T08:23:32+00:00\",\"description\":\"F\u0259rdi dizaynlar, aqlay montaj qaydalar\u0131 v\u0259 Aqlay da\u015f\u0131 qiym\u0259ti \u00fc\u00e7\u00fcn m\u00fct\u0259x\u0259ssis m\u0259sl\u0259h\u0259tl\u0259ri al\u0131n\",\"breadcrumb\":{\"@id\":\"https:\\\/\\\/aglay.com\\\/az\\\/contact\\\/#breadcrumb\"},\"inLanguage\":\"az-AZ\",\"potentialAction\":[{\"@type\":\"ReadAction\",\"target\":[\"https:\\\/\\\/aglay.com\\\/az\\\/contact\\\/\"]}]},{\"@type\":\"BreadcrumbList\",\"@id\":\"https:\\\/\\\/aglay.com\\\/az\\\/contact\\\/#breadcrumb\",\"itemListElement\":[{\"@type\":\"ListItem\",\"position\":1,\"name\":\"Home\",\"item\":\"https:\\\/\\\/aglay.com\\\/az\\\/\"},{\"@type\":\"ListItem\",\"position\":2,\"name\":\"\u018flaq\u0259\"}]},{\"@type\":\"WebSite\",\"@id\":\"https:\\\/\\\/aglay.com\\\/#website\",\"url\":\"https:\\\/\\\/aglay.com\\\/\",\"name\":\"Aglay\",\"description\":\"\",\"publisher\":{\"@id\":\"https:\\\/\\\/aglay.com\\\/#organization\"},\"potentialAction\":[{\"@type\":\"SearchAction\",\"target\":{\"@type\":\"EntryPoint\",\"urlTemplate\":\"https:\\\/\\\/aglay.com\\\/?s={search_term_string}\"},\"query-input\":{\"@type\":\"PropertyValueSpecification\",\"valueRequired\":true,\"valueName\":\"search_term_string\"}}],\"inLanguage\":\"az-AZ\"},{\"@type\":\"Organization\",\"@id\":\"https:\\\/\\\/aglay.com\\\/#organization\",\"name\":\"Aglay\",\"url\":\"https:\\\/\\\/aglay.com\\\/\",\"logo\":{\"@type\":\"ImageObject\",\"inLanguage\":\"az-AZ\",\"@id\":\"https:\\\/\\\/aglay.com\\\/#\\\/schema\\\/logo\\\/image\\\/\",\"url\":\"https:\\\/\\\/aglay.com\\\/wp-content\\\/uploads\\\/2020\\\/12\\\/logo2x2.png\",\"contentUrl\":\"https:\\\/\\\/aglay.com\\\/wp-content\\\/uploads\\\/2020\\\/12\\\/logo2x2.png\",\"width\":434,\"height\":28,\"caption\":\"Aglay\"},\"image\":{\"@id\":\"https:\\\/\\\/aglay.com\\\/#\\\/schema\\\/logo\\\/image\\\/\"}}]}<\/script>\n<!-- \/ Yoast SEO plugin. -->","yoast_head_json":{"title":"Aglay Team il\u0259 \u0259laq\u0259 saxlay\u0131n \u2013 Da\u015f Layih\u0259l\u0259ri \u00fczr\u0259 Ekspert D\u0259st\u0259yi","description":"F\u0259rdi dizaynlar, aqlay montaj qaydalar\u0131 v\u0259 Aqlay da\u015f\u0131 qiym\u0259ti \u00fc\u00e7\u00fcn m\u00fct\u0259x\u0259ssis m\u0259sl\u0259h\u0259tl\u0259ri al\u0131n","robots":{"index":"index","follow":"follow","max-snippet":"max-snippet:-1","max-image-preview":"max-image-preview:large","max-video-preview":"max-video-preview:-1"},"canonical":"https:\/\/aglay.com\/az\/contact\/","og_locale":"az_AZ","og_type":"article","og_title":"Aglay Team il\u0259 \u0259laq\u0259 saxlay\u0131n \u2013 Da\u015f Layih\u0259l\u0259ri \u00fczr\u0259 Ekspert D\u0259st\u0259yi","og_description":"F\u0259rdi dizaynlar, aqlay montaj qaydalar\u0131 v\u0259 Aqlay da\u015f\u0131 qiym\u0259ti \u00fc\u00e7\u00fcn m\u00fct\u0259x\u0259ssis m\u0259sl\u0259h\u0259tl\u0259ri al\u0131n","og_url":"https:\/\/aglay.com\/az\/contact\/","og_site_name":"Aglay","article_modified_time":"2025-09-04T08:23:32+00:00","twitter_card":"summary_large_image","twitter_misc":{"Est. reading time":"1 minute"},"schema":{"@context":"https:\/\/schema.org","@graph":[{"@type":"WebPage","@id":"https:\/\/aglay.com\/az\/contact\/","url":"https:\/\/aglay.com\/az\/contact\/","name":"Aglay Team il\u0259 \u0259laq\u0259 saxlay\u0131n \u2013 Da\u015f Layih\u0259l\u0259ri \u00fczr\u0259 Ekspert D\u0259st\u0259yi","isPartOf":{"@id":"https:\/\/aglay.com\/#website"},"datePublished":"2020-12-18T07:29:17+00:00","dateModified":"2025-09-04T08:23:32+00:00","description":"F\u0259rdi dizaynlar, aqlay montaj qaydalar\u0131 v\u0259 Aqlay da\u015f\u0131 qiym\u0259ti \u00fc\u00e7\u00fcn m\u00fct\u0259x\u0259ssis m\u0259sl\u0259h\u0259tl\u0259ri al\u0131n","breadcrumb":{"@id":"https:\/\/aglay.com\/az\/contact\/#breadcrumb"},"inLanguage":"az-AZ","potentialAction":[{"@type":"ReadAction","target":["https:\/\/aglay.com\/az\/contact\/"]}]},{"@type":"BreadcrumbList","@id":"https:\/\/aglay.com\/az\/contact\/#breadcrumb","itemListElement":[{"@type":"ListItem","position":1,"name":"Home","item":"https:\/\/aglay.com\/az\/"},{"@type":"ListItem","position":2,"name":"\u018flaq\u0259"}]},{"@type":"WebSite","@id":"https:\/\/aglay.com\/#website","url":"https:\/\/aglay.com\/","name":"Aglay","description":"","publisher":{"@id":"https:\/\/aglay.com\/#organization"},"potentialAction":[{"@type":"SearchAction","target":{"@type":"EntryPoint","urlTemplate":"https:\/\/aglay.com\/?s={search_term_string}"},"query-input":{"@type":"PropertyValueSpecification","valueRequired":true,"valueName":"search_term_string"}}],"inLanguage":"az-AZ"},{"@type":"Organization","@id":"https:\/\/aglay.com\/#organization","name":"Aglay","url":"https:\/\/aglay.com\/","logo":{"@type":"ImageObject","inLanguage":"az-AZ","@id":"https:\/\/aglay.com\/#\/schema\/logo\/image\/","url":"https:\/\/aglay.com\/wp-content\/uploads\/2020\/12\/logo2x2.png","contentUrl":"https:\/\/aglay.com\/wp-content\/uploads\/2020\/12\/logo2x2.png","width":434,"height":28,"caption":"Aglay"},"image":{"@id":"https:\/\/aglay.com\/#\/schema\/logo\/image\/"}}]}},"_links":{"self":[{"href":"https:\/\/aglay.com\/az\/wp-json\/wp\/v2\/pages\/1638","targetHints":{"allow":["GET"]}}],"collection":[{"href":"https:\/\/aglay.com\/az\/wp-json\/wp\/v2\/pages"}],"about":[{"href":"https:\/\/aglay.com\/az\/wp-json\/wp\/v2\/types\/page"}],"author":[{"embeddable":true,"href":"https:\/\/aglay.com\/az\/wp-json\/wp\/v2\/users\/1"}],"replies":[{"embeddable":true,"href":"https:\/\/aglay.com\/az\/wp-json\/wp\/v2\/comments?post=1638"}],"version-history":[{"count":9,"href":"https:\/\/aglay.com\/az\/wp-json\/wp\/v2\/pages\/1638\/revisions"}],"predecessor-version":[{"id":2231,"href":"https:\/\/aglay.com\/az\/wp-json\/wp\/v2\/pages\/1638\/revisions\/2231"}],"wp:attachment":[{"href":"https:\/\/aglay.com\/az\/wp-json\/wp\/v2\/media?parent=1638"}],"curies":[{"name":"wp","href":"https:\/\/api.w.org\/{rel}","templated":true}]}}